{"id":3,"date":"2025-02-25T14:22:42","date_gmt":"2025-02-25T14:22:42","guid":{"rendered":"https:\/\/bonlloc.visionaria.es\/?page_id=3"},"modified":"2025-05-16T23:24:23","modified_gmt":"2025-05-16T23:24:23","slug":"politica-de-privacitat","status":"publish","type":"page","link":"https:\/\/residenciabonlloc.cat\/es\/politica-de-privacitat\/","title":{"rendered":"Pol\u00edtica de privacitat"},"content":{"rendered":"<div data-elementor-type=\"wp-page\" data-elementor-id=\"3\" class=\"elementor elementor-3\" data-elementor-post-type=\"page\">\n\t\t\t\t<div class=\"elementor-element elementor-element-37e80f6 e-flex e-con-boxed e-con e-parent\" data-id=\"37e80f6\" data-element_type=\"container\">\n\t\t\t\t\t<div class=\"e-con-inner\">\n\t\t\t\t<div class=\"elementor-element elementor-element-ff3c136 elementor-widget elementor-widget-heading\" data-id=\"ff3c136\" data-element_type=\"widget\" data-widget_type=\"heading.default\">\n\t\t\t\t<div class=\"elementor-widget-container\">\n\t\t\t\t\t<h2 class=\"elementor-heading-title elementor-size-default\">Pol\u00edtica de privacitat<\/h2>\t\t\t\t<\/div>\n\t\t\t\t<\/div>\n\t\t\t\t<div class=\"elementor-element elementor-element-5dff069 elementor-widget elementor-widget-spacer\" data-id=\"5dff069\" data-element_type=\"widget\" data-widget_type=\"spacer.default\">\n\t\t\t\t<div class=\"elementor-widget-container\">\n\t\t\t\t\t\t\t<div class=\"elementor-spacer\">\n\t\t\t<div class=\"elementor-spacer-inner\"><\/div>\n\t\t<\/div>\n\t\t\t\t\t\t<\/div>\n\t\t\t\t<\/div>\n\t\t\t\t<div class=\"elementor-element elementor-element-41a4686 elementor-widget elementor-widget-text-editor\" data-id=\"41a4686\" data-element_type=\"widget\" data-widget_type=\"text-editor.default\">\n\t\t\t\t<div class=\"elementor-widget-container\">\n\t\t\t\t\t\t\t\t\t<h3 class=\"\" data-start=\"153\" data-end=\"190\">1. <strong data-start=\"160\" data-end=\"190\">Responsable del Tractament<\/strong><\/h3>\n<p class=\"\" data-start=\"191\" data-end=\"288\">El responsable del tractament de les dades personals recollides a trav\u00e9s d\u2019aquesta p\u00e0gina web \u00e9s:<\/p>\n<p class=\"\" data-start=\"290\" data-end=\"433\"><strong data-start=\"290\" data-end=\"313\">Resid\u00e8ncia Bon Lloc<\/strong><br data-start=\"313\" data-end=\"316\" \/>Partida Torres de Sanui, 147, 25193 Lleida<br data-start=\"358\" data-end=\"361\" \/>Tel\u00e8fon: +670 45 84 47<br data-start=\"383\" data-end=\"386\" \/>Correu electr\u00f2nic: <a class=\"cursor-pointer\" rel=\"noopener\" data-start=\"405\" data-end=\"431\">info@residenciabonlloc.cat<\/a><\/p>\n<h3 class=\"\" data-start=\"435\" data-end=\"470\">2. <strong data-start=\"442\" data-end=\"470\">Finalitat del Tractament<\/strong><\/h3>\n<p class=\"\" data-start=\"471\" data-end=\"556\">Les dades personals que ens proporcioneu seran tractades amb les finalitats seg\u00fcents:<\/p>\n<ul data-start=\"558\" data-end=\"883\">\n<li class=\"\" data-start=\"558\" data-end=\"614\">\n<p class=\"\" data-start=\"560\" data-end=\"614\">Donar resposta a sol\u00b7licituds d\u2019informaci\u00f3 o contacte.<\/p>\n<\/li>\n<li class=\"\" data-start=\"615\" data-end=\"689\">\n<p class=\"\" data-start=\"617\" data-end=\"689\">Gestionar serveis relacionats amb les estades o visites a la resid\u00e8ncia.<\/p>\n<\/li>\n<li class=\"\" data-start=\"690\" data-end=\"821\">\n<p class=\"\" data-start=\"692\" data-end=\"821\">Enviar comunicacions informatives o promocionals sobre serveis, activitats o novetats, sempre que s\u2019hagi prestat el consentiment.<\/p>\n<\/li>\n<li class=\"\" data-start=\"822\" data-end=\"883\">\n<p class=\"\" data-start=\"824\" data-end=\"883\">Complir amb les obligacions legals que puguin correspondre.<\/p>\n<\/li>\n<\/ul>\n<h3 class=\"\" data-start=\"885\" data-end=\"922\">3. <strong data-start=\"892\" data-end=\"922\">Legitimaci\u00f3 del Tractament<\/strong><\/h3>\n<p class=\"\" data-start=\"923\" data-end=\"979\">La base legal per al tractament de les vostres dades \u00e9s:<\/p>\n<ul data-start=\"981\" data-end=\"1166\">\n<li class=\"\" data-start=\"981\" data-end=\"1053\">\n<p class=\"\" data-start=\"983\" data-end=\"1053\">El vostre consentiment expr\u00e9s, que podreu retirar en qualsevol moment.<\/p>\n<\/li>\n<li class=\"\" data-start=\"1054\" data-end=\"1117\">\n<p class=\"\" data-start=\"1056\" data-end=\"1117\">L\u2019execuci\u00f3 d\u2019un servei o la gesti\u00f3 d\u2019una relaci\u00f3 contractual.<\/p>\n<\/li>\n<li class=\"\" data-start=\"1118\" data-end=\"1166\">\n<p class=\"\" data-start=\"1120\" data-end=\"1166\">El compliment de normatives legals aplicables.<\/p>\n<\/li>\n<\/ul>\n<h3 class=\"\" data-start=\"1168\" data-end=\"1204\">4. <strong data-start=\"1175\" data-end=\"1204\">Destinataris de les Dades<\/strong><\/h3>\n<p class=\"\" data-start=\"1205\" data-end=\"1453\">Les dades no es comunicaran a tercers, excepte per obligaci\u00f3 legal o quan sigui estrictament necessari per a la prestaci\u00f3 del servei (com ara professionals sanitaris o entitats asseguradores), amb els quals es mantindran acords de confidencialitat.<\/p>\n<h3 class=\"\" data-start=\"1455\" data-end=\"1490\">5. <strong data-start=\"1462\" data-end=\"1490\">Conservaci\u00f3 de les Dades<\/strong><\/h3>\n<p class=\"\" data-start=\"1491\" data-end=\"1671\">Les dades es conservaran mentre siguin necess\u00e0ries per a la finalitat amb qu\u00e8 van ser recollides, i durant els terminis legals aplicables per determinar possibles responsabilitats.<\/p>\n<h3 class=\"\" data-start=\"1673\" data-end=\"1718\">6. <strong data-start=\"1680\" data-end=\"1718\">Drets de les Persones Interessades<\/strong><\/h3>\n<p class=\"\" data-start=\"1719\" data-end=\"1847\">Podeu exercir els vostres drets d\u2019acc\u00e9s, rectificaci\u00f3, supressi\u00f3, oposici\u00f3, limitaci\u00f3 i portabilitat dirigint una sol\u00b7licitud a:<\/p>\n<p class=\"\" data-start=\"1849\" data-end=\"1978\">\ud83d\udce7 <strong data-start=\"1852\" data-end=\"1882\"><a class=\"cursor-pointer\" rel=\"noopener\" data-start=\"1854\" data-end=\"1880\">info@residenciabonlloc.cat<\/a><\/strong><br data-start=\"1882\" data-end=\"1885\" \/>\ud83d\udccd O b\u00e9 per correu postal a: Resid\u00e8ncia Bon Lloc, Partida Torres de Sanui, 147, 25193 Lleida.<\/p>\n<p class=\"\" data-start=\"1980\" data-end=\"2146\">Tamb\u00e9 podeu presentar una reclamaci\u00f3 davant l\u2019<strong data-start=\"2026\" data-end=\"2069\">Ag\u00e8ncia Espanyola de Protecci\u00f3 de Dades<\/strong> si considereu que s\u2019ha vulnerat algun dret en mat\u00e8ria de protecci\u00f3 de dades.<\/p>\n<h3 class=\"\" data-start=\"2148\" data-end=\"2179\">7. <strong data-start=\"2155\" data-end=\"2179\">Mesures de Seguretat<\/strong><\/h3>\n<p class=\"\" data-start=\"2180\" data-end=\"2393\">Resid\u00e8ncia Bon Lloc aplica les mesures t\u00e8cniques i organitzatives adequades per garantir la seguretat, integritat i confidencialitat de les dades personals, evitant-ne la p\u00e8rdua, el mal \u00fas o l\u2019acc\u00e9s no autoritzat.<\/p>\t\t\t\t\t\t\t\t<\/div>\n\t\t\t\t<\/div>\n\t\t\t\t\t<\/div>\n\t\t\t\t<\/div>\n\t\t\t\t<\/div>","protected":false},"excerpt":{"rendered":"<p>Pol\u00edtica de privacitat 1. Responsable del Tractament El responsable del tractament de les dades personals recollides a trav\u00e9s d\u2019aquesta p\u00e0gina web \u00e9s: Resid\u00e8ncia Bon LlocPartida Torres de Sanui, 147, 25193 LleidaTel\u00e8fon: +670 45 84 47Correu electr\u00f2nic: info@residenciabonlloc.cat 2. Finalitat del Tractament Les dades personals que ens proporcioneu seran tractades amb les finalitats seg\u00fcents: Donar resposta [&hellip;]<\/p>","protected":false},"author":1,"featured_media":0,"parent":0,"menu_order":0,"comment_status":"closed","ping_status":"open","template":"","meta":{"footnotes":""},"class_list":["post-3","page","type-page","status-publish","hentry"],"_links":{"self":[{"href":"https:\/\/residenciabonlloc.cat\/es\/wp-json\/wp\/v2\/pages\/3","targetHints":{"allow":["GET"]}}],"collection":[{"href":"https:\/\/residenciabonlloc.cat\/es\/wp-json\/wp\/v2\/pages"}],"about":[{"href":"https:\/\/residenciabonlloc.cat\/es\/wp-json\/wp\/v2\/types\/page"}],"author":[{"embeddable":true,"href":"https:\/\/residenciabonlloc.cat\/es\/wp-json\/wp\/v2\/users\/1"}],"replies":[{"embeddable":true,"href":"https:\/\/residenciabonlloc.cat\/es\/wp-json\/wp\/v2\/comments?post=3"}],"version-history":[{"count":13,"href":"https:\/\/residenciabonlloc.cat\/es\/wp-json\/wp\/v2\/pages\/3\/revisions"}],"predecessor-version":[{"id":391,"href":"https:\/\/residenciabonlloc.cat\/es\/wp-json\/wp\/v2\/pages\/3\/revisions\/391"}],"wp:attachment":[{"href":"https:\/\/residenciabonlloc.cat\/es\/wp-json\/wp\/v2\/media?parent=3"}],"curies":[{"name":"wp","href":"https:\/\/api.w.org\/{rel}","templated":true}]}}