{"id":392,"date":"2025-05-16T23:24:53","date_gmt":"2025-05-16T23:24:53","guid":{"rendered":"https:\/\/bonlloc.visionaria.es\/?page_id=392"},"modified":"2025-05-16T23:27:22","modified_gmt":"2025-05-16T23:27:22","slug":"avis-legal","status":"publish","type":"page","link":"https:\/\/residenciabonlloc.cat\/es\/avis-legal\/","title":{"rendered":"Av\u00eds legal"},"content":{"rendered":"<div data-elementor-type=\"wp-page\" data-elementor-id=\"392\" class=\"elementor elementor-392\" data-elementor-post-type=\"page\">\n\t\t\t\t<div class=\"elementor-element elementor-element-752003a e-flex e-con-boxed e-con e-parent\" data-id=\"752003a\" data-element_type=\"container\">\n\t\t\t\t\t<div class=\"e-con-inner\">\n\t\t\t\t<div class=\"elementor-element elementor-element-143f537 elementor-widget elementor-widget-heading\" data-id=\"143f537\" data-element_type=\"widget\" data-widget_type=\"heading.default\">\n\t\t\t\t<div class=\"elementor-widget-container\">\n\t\t\t\t\t<h2 class=\"elementor-heading-title elementor-size-default\">Av\u00eds legal<\/h2>\t\t\t\t<\/div>\n\t\t\t\t<\/div>\n\t\t\t\t<div class=\"elementor-element elementor-element-42352eb elementor-widget elementor-widget-spacer\" data-id=\"42352eb\" data-element_type=\"widget\" data-widget_type=\"spacer.default\">\n\t\t\t\t<div class=\"elementor-widget-container\">\n\t\t\t\t\t\t\t<div class=\"elementor-spacer\">\n\t\t\t<div class=\"elementor-spacer-inner\"><\/div>\n\t\t<\/div>\n\t\t\t\t\t\t<\/div>\n\t\t\t\t<\/div>\n\t\t\t\t<div class=\"elementor-element elementor-element-0133d9a elementor-widget elementor-widget-text-editor\" data-id=\"0133d9a\" data-element_type=\"widget\" data-widget_type=\"text-editor.default\">\n\t\t\t\t<div class=\"elementor-widget-container\">\n\t\t\t\t\t\t\t\t\t<h3 class=\"\" data-start=\"260\" data-end=\"295\">1. <strong data-start=\"267\" data-end=\"295\">Titularitat del lloc web<\/strong><\/h3><p class=\"\" data-start=\"297\" data-end=\"329\">En compliment del que estableix:<\/p><ul data-start=\"331\" data-end=\"1024\"><li class=\"\" data-start=\"331\" data-end=\"447\"><p class=\"\" data-start=\"333\" data-end=\"447\">La <strong data-start=\"336\" data-end=\"352\">Llei 34\/2002<\/strong>, d\u201911 de juliol, de <strong data-start=\"373\" data-end=\"446\">Serveis de la Societat de la Informaci\u00f3 i Comer\u00e7 Electr\u00f2nic (LSSI-CE)<\/strong>,<\/p><\/li><li class=\"\" data-start=\"448\" data-end=\"698\"><p class=\"\" data-start=\"450\" data-end=\"698\">El <strong data-start=\"453\" data-end=\"480\">Reglament (UE) 2016\/679<\/strong> del <strong data-start=\"485\" data-end=\"520\">Parlament Europeu i del Consell<\/strong>, de 27 d\u2019abril de 2016, relatiu a la <strong data-start=\"558\" data-end=\"596\">protecci\u00f3 de les persones f\u00edsiques<\/strong> pel que fa al <strong data-start=\"611\" data-end=\"644\">tractament de dades personals<\/strong> i a la <strong data-start=\"652\" data-end=\"690\">lliure circulaci\u00f3 d\u2019aquestes dades<\/strong>(RGPD),<\/p><\/li><li class=\"\" data-start=\"699\" data-end=\"825\"><p class=\"\" data-start=\"701\" data-end=\"825\">La <strong data-start=\"704\" data-end=\"728\">Llei Org\u00e0nica 3\/2018<\/strong>, de 5 de desembre, de <strong data-start=\"751\" data-end=\"824\">Protecci\u00f3 de Dades Personals i garantia dels drets digitals (LOPDGDD)<\/strong>,<\/p><\/li><li class=\"\" data-start=\"826\" data-end=\"1024\"><p class=\"\" data-start=\"828\" data-end=\"1024\">I la normativa espec\u00edfica aplicable a <strong data-start=\"866\" data-end=\"879\">Catalunya<\/strong> en mat\u00e8ria de serveis socials i protecci\u00f3 de les persones en situaci\u00f3 de depend\u00e8ncia (com la <strong data-start=\"973\" data-end=\"989\">Llei 12\/2007<\/strong>, de serveis socials de Catalunya),<\/p><\/li><\/ul><p class=\"\" data-start=\"1026\" data-end=\"1072\">S\u2019informa que aquest lloc web \u00e9s propietat de:<\/p><p class=\"\" data-start=\"1074\" data-end=\"1265\"><strong data-start=\"1074\" data-end=\"1097\">Resid\u00e8ncia Bon Lloc<\/strong><br data-start=\"1097\" data-end=\"1100\" \/>Adre\u00e7a: Partida Torres de Sanui, 147, 25193 Lleida<br data-start=\"1150\" data-end=\"1153\" \/>Tel\u00e8fon: +670 45 84 47<br data-start=\"1175\" data-end=\"1178\" \/>Correu electr\u00f2nic: <a class=\"cursor-pointer\" rel=\"noopener\" data-start=\"1197\" data-end=\"1223\">info@residenciabonlloc.cat<\/a><br data-start=\"1223\" data-end=\"1226\" \/>Domini web: <a class=\"\" href=\"https:\/\/residenciabonlloc.cat\/es\/\" target=\"_new\" rel=\"noopener\" data-start=\"1238\" data-end=\"1263\">www.residenciabonlloc.cat<\/a><\/p><h3 class=\"\" data-start=\"1267\" data-end=\"1314\">2. <strong data-start=\"1274\" data-end=\"1314\">Propietat intel\u00b7lectual i industrial<\/strong><\/h3><p class=\"\" data-start=\"1316\" data-end=\"1546\">Tots els continguts del lloc web (textos, imatges, dissenys, logotips, documents, codis font i altres elements) estan protegits per la <strong data-start=\"1451\" data-end=\"1486\">Llei de Propietat Intel\u00b7lectual<\/strong> i altres normatives nacionals i internacionals aplicables.<\/p><p class=\"\" data-start=\"1548\" data-end=\"1752\">L\u2019usuari nom\u00e9s pot fer-ne un \u00fas privat i personal. Qualsevol \u00fas no autoritzat, com la reproducci\u00f3, distribuci\u00f3, comunicaci\u00f3 p\u00fablica o transformaci\u00f3, requerir\u00e0 autoritzaci\u00f3 expressa del titular dels drets.<\/p><h3 class=\"\" data-start=\"1754\" data-end=\"1796\">3. <strong data-start=\"1761\" data-end=\"1796\">Responsabilitat dels continguts<\/strong><\/h3><p class=\"\" data-start=\"1798\" data-end=\"2079\">Resid\u00e8ncia Bon Lloc vetlla perqu\u00e8 la informaci\u00f3 que apareix en aquest lloc web sigui actualitzada i precisa, per\u00f2 no pot garantir-ho de manera absoluta. No es responsabilitza de l\u2019\u00fas incorrecte o indegut de la informaci\u00f3 continguda al lloc web, ni dels danys que en puguin derivar.<\/p><h3 class=\"\" data-start=\"2081\" data-end=\"2108\">4. <strong data-start=\"2088\" data-end=\"2108\">Enlla\u00e7os externs<\/strong><\/h3><p class=\"\" data-start=\"2110\" data-end=\"2361\">Aquest lloc pot incloure enlla\u00e7os a llocs web de tercers. Resid\u00e8ncia Bon Lloc no \u00e9s responsable dels continguts ni de les pol\u00edtiques de privacitat d\u2019aquests llocs, i no assumeix cap responsabilitat sobre els danys o perjudicis que se\u2019n puguin derivar.<\/p><h3 class=\"\" data-start=\"2363\" data-end=\"2402\">5. <strong data-start=\"2370\" data-end=\"2402\">Protecci\u00f3 de dades personals<\/strong><\/h3><p class=\"\" data-start=\"2404\" data-end=\"2721\">Les dades recollides a trav\u00e9s d\u2019aquest lloc web seran tractades d\u2019acord amb el <strong data-start=\"2483\" data-end=\"2520\">Reglament Europeu 2016\/679 (RGPD)<\/strong> i la <strong data-start=\"2526\" data-end=\"2547\">LOPDGDD espanyola<\/strong>, tal com es detalla a la <a rel=\"noopener\" data-start=\"2573\" data-end=\"2600\">Pol\u00edtica de Privacitat<\/a>. L\u2019usuari pot exercir en tot moment els seus drets d\u2019acc\u00e9s, rectificaci\u00f3, supressi\u00f3, limitaci\u00f3, oposici\u00f3 i portabilitat.<\/p><h3 class=\"\" data-start=\"2723\" data-end=\"2749\">6. <strong data-start=\"2730\" data-end=\"2749\">\u00das del lloc web<\/strong><\/h3><p class=\"\" data-start=\"2751\" data-end=\"2976\">L\u2019usuari es compromet a fer un \u00fas adequat dels continguts i serveis del lloc web, respectant la legislaci\u00f3 vigent, la moral, l\u2019ordre p\u00fablic i aquest Av\u00eds Legal. Queda prohibit l\u2019\u00fas del web amb finalitats il\u00b7l\u00edcites o lesives.<\/p><p class=\"\" data-start=\"2978\" data-end=\"3107\">Resid\u00e8ncia Bon Lloc es reserva el dret a denegar o retirar l\u2019acc\u00e9s al web a aquells usuaris que incompleixin aquestes condicions.<\/p><h3 class=\"\" data-start=\"3109\" data-end=\"3154\">7. <strong data-start=\"3116\" data-end=\"3154\">Legislaci\u00f3 aplicable i jurisdicci\u00f3<\/strong><\/h3><p class=\"\" data-start=\"3156\" data-end=\"3413\">Aquest lloc web s\u2019ajusta a la normativa vigent a <strong data-start=\"3205\" data-end=\"3245\">Catalunya, Espanya i la Uni\u00f3 Europea<\/strong>. En cas de conflicte, les parts se sotmetran expressament als <strong data-start=\"3308\" data-end=\"3354\">Jutjats i Tribunals de la ciutat de Lleida<\/strong>, renunciant a qualsevol altre fur que pogu\u00e9s correspondre.<\/p>\t\t\t\t\t\t\t\t<\/div>\n\t\t\t\t<\/div>\n\t\t\t\t\t<\/div>\n\t\t\t\t<\/div>\n\t\t\t\t<\/div>","protected":false},"excerpt":{"rendered":"<p>Av\u00eds legal 1. Titularitat del lloc web En compliment del que estableix: La Llei 34\/2002, d\u201911 de juliol, de Serveis de la Societat de la Informaci\u00f3 i Comer\u00e7 Electr\u00f2nic (LSSI-CE), El Reglament (UE) 2016\/679 del Parlament Europeu i del Consell, de 27 d\u2019abril de 2016, relatiu a la protecci\u00f3 de les persones f\u00edsiques pel que [&hellip;]<\/p>","protected":false},"author":1,"featured_media":0,"parent":0,"menu_order":0,"comment_status":"closed","ping_status":"closed","template":"","meta":{"footnotes":""},"class_list":["post-392","page","type-page","status-publish","hentry"],"_links":{"self":[{"href":"https:\/\/residenciabonlloc.cat\/es\/wp-json\/wp\/v2\/pages\/392","targetHints":{"allow":["GET"]}}],"collection":[{"href":"https:\/\/residenciabonlloc.cat\/es\/wp-json\/wp\/v2\/pages"}],"about":[{"href":"https:\/\/residenciabonlloc.cat\/es\/wp-json\/wp\/v2\/types\/page"}],"author":[{"embeddable":true,"href":"https:\/\/residenciabonlloc.cat\/es\/wp-json\/wp\/v2\/users\/1"}],"replies":[{"embeddable":true,"href":"https:\/\/residenciabonlloc.cat\/es\/wp-json\/wp\/v2\/comments?post=392"}],"version-history":[{"count":7,"href":"https:\/\/residenciabonlloc.cat\/es\/wp-json\/wp\/v2\/pages\/392\/revisions"}],"predecessor-version":[{"id":399,"href":"https:\/\/residenciabonlloc.cat\/es\/wp-json\/wp\/v2\/pages\/392\/revisions\/399"}],"wp:attachment":[{"href":"https:\/\/residenciabonlloc.cat\/es\/wp-json\/wp\/v2\/media?parent=392"}],"curies":[{"name":"wp","href":"https:\/\/api.w.org\/{rel}","templated":true}]}}