{"id":414,"date":"2025-08-13T06:47:20","date_gmt":"2025-08-13T06:47:20","guid":{"rendered":"https:\/\/residenciabonlloc.cat\/?page_id=414"},"modified":"2025-08-13T06:54:08","modified_gmt":"2025-08-13T06:54:08","slug":"declaracio-daccessibilitat","status":"publish","type":"page","link":"https:\/\/residenciabonlloc.cat\/es\/declaracio-daccessibilitat\/","title":{"rendered":"Declaraci\u00f3 d&#8217;accessibilitat"},"content":{"rendered":"<div data-elementor-type=\"wp-page\" data-elementor-id=\"414\" class=\"elementor elementor-414\" data-elementor-post-type=\"page\">\n\t\t\t\t<div class=\"elementor-element elementor-element-6406542 e-flex e-con-boxed e-con e-parent\" data-id=\"6406542\" data-element_type=\"container\">\n\t\t\t\t\t<div class=\"e-con-inner\">\n\t\t\t\t<div class=\"elementor-element elementor-element-d1cf92e elementor-widget elementor-widget-heading\" data-id=\"d1cf92e\" data-element_type=\"widget\" data-widget_type=\"heading.default\">\n\t\t\t\t<div class=\"elementor-widget-container\">\n\t\t\t\t\t<h1 class=\"elementor-heading-title elementor-size-default\">Declaraci\u00f3n de accesibilidad<\/h1>\t\t\t\t<\/div>\n\t\t\t\t<\/div>\n\t\t\t\t<div class=\"elementor-element elementor-element-1258152 elementor-widget elementor-widget-text-editor\" data-id=\"1258152\" data-element_type=\"widget\" data-widget_type=\"text-editor.default\">\n\t\t\t\t<div class=\"elementor-widget-container\">\n\t\t\t\t\t\t\t\t\t<p data-start=\"93\" data-end=\"222\"><strong data-start=\"93\" data-end=\"124\">DECLARACI\u00d3N DE ACCESIBILIDAD<\/strong><br data-start=\"124\" data-end=\"127\" \/>La presente declaraci\u00f3n de accesibilidad se aplica al sitio web<br data-start=\"186\" data-end=\"189\" \/><a class=\"\" href=\"https:\/\/residenciabonlloc.cat\/es\/\" target=\"_new\" rel=\"noopener\" data-start=\"189\" data-end=\"219\">https:\/\/residenciabonlloc.cat\/<\/a>:<\/p><p data-start=\"224\" data-end=\"418\"><strong data-start=\"224\" data-end=\"250\">SITUACI\u00d3N DE CUMPLIMIENTO<\/strong><br data-start=\"250\" data-end=\"253\" \/>Este sitio web es parcialmente conforme con el RD 1112\/2018 debido a las excepciones y a la falta de conformidad de los aspectos que se indican en el punto siguiente.<\/p><p data-start=\"420\" data-end=\"529\"><strong data-start=\"420\" data-end=\"447\">CONTENIDO NO ACCESIBLE<\/strong><br data-start=\"447\" data-end=\"450\" \/>El contenido que se recoge a continuaci\u00f3n no es accesible por la siguiente raz\u00f3n:<\/p><ul data-start=\"531\" data-end=\"1102\"><li data-start=\"531\" data-end=\"1035\"><p data-start=\"533\" data-end=\"1035\">Falta de conformidad con el RD 1112\/2018<br data-start=\"573\" data-end=\"576\" \/>Podr\u00edan existir algunos aspectos de contraste que no cumplan los m\u00ednimos exigidos, 3:1, con respecto a los colores adyacentes del fondo de la secci\u00f3n de la web en cuesti\u00f3n. [9.1.4.11 Contraste no textual]<br data-start=\"767\" data-end=\"770\" \/>Podr\u00edan existir algunas etiquetas o instrucciones no etiquetadas correctamente [9.3.3.2 Etiquetas o instrucciones]<br data-start=\"881\" data-end=\"884\" \/>Podr\u00edan no existir mecanismos para revisar, confirmar y corregir la informaci\u00f3n antes de finalizar el env\u00edo de datos. [9.3.3.4 Etiquetas o instrucciones]<\/p><\/li><li data-start=\"1037\" data-end=\"1102\"><p data-start=\"1039\" data-end=\"1102\">Podr\u00edan existir errores puntuales de edici\u00f3n en alguna p\u00e1gina web<\/p><\/li><\/ul><p data-start=\"1104\" data-end=\"1147\"><strong data-start=\"1104\" data-end=\"1132\">Carga desproporcionada<\/strong><br data-start=\"1132\" data-end=\"1135\" \/>No aplica.<\/p><p data-start=\"1149\" data-end=\"1380\"><strong data-start=\"1149\" data-end=\"1205\">PREPARACI\u00d3N DE LA PRESENTE DECLARACI\u00d3N DE ACCESIBILIDAD<\/strong><br data-start=\"1205\" data-end=\"1208\" \/>La presente declaraci\u00f3n fue preparada el 30 de mayo de 2025.<br data-start=\"1269\" data-end=\"1272\" \/>El m\u00e9todo empleado para preparar la declaraci\u00f3n ha sido una autoevaluaci\u00f3n llevada a cabo por la propia empresa.<\/p><p data-start=\"1382\" data-end=\"1534\"><strong data-start=\"1382\" data-end=\"1418\">OBSERVACIONES Y DATOS DE CONTACTO<\/strong><br data-start=\"1418\" data-end=\"1421\" \/>Se pueden realizar comunicaciones sobre requisitos de accesibilidad (art\u00edculo 10.2.a del RD 1112\/2018) como, por ejemplo:<\/p><ul data-start=\"1535\" data-end=\"1771\"><li data-start=\"1535\" data-end=\"1612\"><p data-start=\"1537\" data-end=\"1612\">Informar sobre cualquier posible incumplimiento por parte de este sitio web<\/p><\/li><li data-start=\"1613\" data-end=\"1667\"><p data-start=\"1615\" data-end=\"1667\">Transmitir otras dificultades de acceso al contenido<\/p><\/li><li data-start=\"1668\" data-end=\"1771\"><p data-start=\"1670\" data-end=\"1771\">Formular cualquier otra consulta o sugerencia de mejora relativa a la accesibilidad del sitio web<\/p><\/li><\/ul><p data-start=\"1773\" data-end=\"1845\">A trav\u00e9s del correo electr\u00f3nico de contacto <a class=\"cursor-pointer\" rel=\"noopener\" data-start=\"1816\" data-end=\"1842\">info@residenciabonlloc.cat<\/a>.<\/p><p data-start=\"1847\" data-end=\"1866\">Se puede presentar:<\/p><ul data-start=\"1867\" data-end=\"2232\"><li data-start=\"1867\" data-end=\"1934\"><p data-start=\"1869\" data-end=\"1934\">Queja relativa al cumplimiento de los requisitos del RD 1112\/2018 o<\/p><\/li><li data-start=\"1935\" data-end=\"2232\"><p data-start=\"1937\" data-end=\"1986\">Solicitud de Informaci\u00f3n accesible relativa a:<\/p><ul data-start=\"1989\" data-end=\"2232\"><li data-start=\"1989\" data-end=\"2109\"><p data-start=\"1991\" data-end=\"2109\">Contenidos que est\u00e1n excluidos del \u00e1mbito de aplicaci\u00f3n del RD 1112\/2018 seg\u00fan lo establecido por el art\u00edculo 3, apartado 4<\/p><\/li><li data-start=\"2112\" data-end=\"2232\"><p data-start=\"2114\" data-end=\"2232\">Contenidos que est\u00e1n exentos del cumplimiento de los requisitos de accesibilidad por imponer una carga desproporcionada<\/p><\/li><\/ul><\/li><\/ul><p data-start=\"2234\" data-end=\"2528\">En la solicitud de informaci\u00f3n accesible, se debe concretar, con toda claridad, los hechos, razones y petici\u00f3n que permitan constatar que se trata de una solicitud razonable y leg\u00edtima. Las quejas y reclamaciones sobre informaci\u00f3n accesible se realizar\u00e1n a trav\u00e9s del correo electr\u00f3nico anterior.<\/p><p data-start=\"2530\" data-end=\"2973\"><strong data-start=\"2530\" data-end=\"2557\">PROCEDIMIENTO DE APLICACI\u00d3N<\/strong><br data-start=\"2557\" data-end=\"2560\" \/>Si una vez realizada una solicitud de informaci\u00f3n accesible o queja, \u00e9sta hubiera sido desestimada, no se estuviera de acuerdo con la decisi\u00f3n adoptada, o la respuesta no cumpliera los requisitos contemplados en el art\u00edculo 12.5, la persona interesada podr\u00e1 iniciar una reclamaci\u00f3n. Igualmente, se podr\u00e1 iniciar una reclamaci\u00f3n en el caso de que haya transcurrido el plazo de veinte d\u00edas h\u00e1biles sin haber obtenido respuesta.<\/p>\t\t\t\t\t\t\t\t<\/div>\n\t\t\t\t<\/div>\n\t\t\t\t\t<\/div>\n\t\t\t\t<\/div>\n\t\t\t\t<\/div>","protected":false},"excerpt":{"rendered":"<p>Declaraci\u00f3 d\u2019accessibilitat DECLARACI\u00d3 D\u2019ACCESSIBILITATLa present declaraci\u00f3 d\u2019accessibilitat s\u2019aplica al lloc webhttps:\/\/residenciabonlloc.cat\/: SITUACI\u00d3 DE COMPLIMENTAquest lloc web \u00e9s parcialment conforme amb el RD 1112\/2018 a causa de les excepcions i de la manca de conformitat dels aspectes que s\u2019indiquen en el punt seg\u00fcent. CONTINGUT NO ACCESSIBLEEl contingut que es recull a continuaci\u00f3 no \u00e9s accessible per [&hellip;]<\/p>","protected":false},"author":1,"featured_media":0,"parent":0,"menu_order":0,"comment_status":"closed","ping_status":"closed","template":"elementor_header_footer","meta":{"footnotes":""},"class_list":["post-414","page","type-page","status-publish","hentry"],"_links":{"self":[{"href":"https:\/\/residenciabonlloc.cat\/es\/wp-json\/wp\/v2\/pages\/414","targetHints":{"allow":["GET"]}}],"collection":[{"href":"https:\/\/residenciabonlloc.cat\/es\/wp-json\/wp\/v2\/pages"}],"about":[{"href":"https:\/\/residenciabonlloc.cat\/es\/wp-json\/wp\/v2\/types\/page"}],"author":[{"embeddable":true,"href":"https:\/\/residenciabonlloc.cat\/es\/wp-json\/wp\/v2\/users\/1"}],"replies":[{"embeddable":true,"href":"https:\/\/residenciabonlloc.cat\/es\/wp-json\/wp\/v2\/comments?post=414"}],"version-history":[{"count":7,"href":"https:\/\/residenciabonlloc.cat\/es\/wp-json\/wp\/v2\/pages\/414\/revisions"}],"predecessor-version":[{"id":423,"href":"https:\/\/residenciabonlloc.cat\/es\/wp-json\/wp\/v2\/pages\/414\/revisions\/423"}],"wp:attachment":[{"href":"https:\/\/residenciabonlloc.cat\/es\/wp-json\/wp\/v2\/media?parent=414"}],"curies":[{"name":"wp","href":"https:\/\/api.w.org\/{rel}","templated":true}]}}